{"id":12,"date":"2021-04-29T09:33:54","date_gmt":"2021-04-29T09:33:54","guid":{"rendered":"https:\/\/jukola.street-o.fi\/?page_id=12"},"modified":"2021-06-15T08:34:16","modified_gmt":"2021-06-15T08:34:16","slug":"jukola-street-o-turku","status":"publish","type":"page","link":"https:\/\/jukola.street-o.fi\/?page_id=12","title":{"rendered":"Jukola Street-O Turku"},"content":{"rendered":"\n<p>Jukola Street-O Turku j\u00e4rjestet\u00e4\u00e4n 19.6. kello 12-18 Turun keskustan maisemissa kaikkiaan seitsem\u00e4ll\u00e4 eri radalla. Ker\u00e4\u00e4 oma ryhm\u00e4si tai osallistu yksin. Joukkueen j\u00e4senet k\u00e4yv\u00e4t l\u00e4pi omat erilliset ratansa porrastetusti ja vastaavat kysymyksiin. Lopuksi joukkueen pisteet lasketaan yhteen ja paras ryhm\u00e4 kruunataan mittel\u00f6iden voittajaksi. Mukaan voi osallistua my\u00f6s pienemm\u00e4ll\u00e4 joukkueella tai yksin.<\/p>\n\n\n\n<p><strong>Vaikeustaso:<\/strong><\/p>\n\n\n\n<p>Radat on suunniteltu niin, ett\u00e4 kaikki suunnistuksesta kiinnostuneet, jopa ensikertalaiset, voivat osallistua mukaan. Vaihtelevassa ja mielenkiintoisessa kaupunkimilj\u00f6\u00f6ss\u00e4 suoritettavat radat tarjoavat toinen toistaan hauskempaa puuhaa etsiess\u00e4si rasteja ja vastaillessasi niihin liittyviin kysymyksiin! Kaikkia rasteja ei v\u00e4ltt\u00e4m\u00e4tt\u00e4 aina kannata hakea, pisteytys vaihtelee sijainnin ja vaikeustason mukaan. \u00c4l\u00e4 kuitenkaan pohdi liian pitk\u00e4\u00e4n reittivalintoja, sill\u00e4 suorituksen pistem\u00e4\u00e4r\u00e4\u00e4n vaikuttaa sek\u00e4 k\u00e4ytetty aika ett\u00e4 l\u00f6ydetyt rastit!<\/p>\n\n\n\n<figure class=\"wp-block-image size-large\"><img loading=\"lazy\" width=\"1024\" height=\"1024\" src=\"https:\/\/jukola.street-o.fi\/wp-content\/uploads\/2021\/06\/TURKU-ARTIKKELIKUVA-URHEILUPUISTO-2-1024x1024.jpg\" alt=\"Urheilupuisto\" class=\"wp-image-135\" srcset=\"https:\/\/jukola.street-o.fi\/wp-content\/uploads\/2021\/06\/TURKU-ARTIKKELIKUVA-URHEILUPUISTO-2-1024x1024.jpg 1024w, https:\/\/jukola.street-o.fi\/wp-content\/uploads\/2021\/06\/TURKU-ARTIKKELIKUVA-URHEILUPUISTO-2-300x300.jpg 300w, https:\/\/jukola.street-o.fi\/wp-content\/uploads\/2021\/06\/TURKU-ARTIKKELIKUVA-URHEILUPUISTO-2-150x150.jpg 150w, https:\/\/jukola.street-o.fi\/wp-content\/uploads\/2021\/06\/TURKU-ARTIKKELIKUVA-URHEILUPUISTO-2-768x768.jpg 768w, https:\/\/jukola.street-o.fi\/wp-content\/uploads\/2021\/06\/TURKU-ARTIKKELIKUVA-URHEILUPUISTO-2-1536x1536.jpg 1536w, https:\/\/jukola.street-o.fi\/wp-content\/uploads\/2021\/06\/TURKU-ARTIKKELIKUVA-URHEILUPUISTO-2-1568x1568.jpg 1568w, https:\/\/jukola.street-o.fi\/wp-content\/uploads\/2021\/06\/TURKU-ARTIKKELIKUVA-URHEILUPUISTO-2.jpg 1920w\" sizes=\"(max-width: 1024px) 100vw, 1024px\" \/><figcaption>Street-O -joukkueen voit ker\u00e4t\u00e4 vaikka omasta perheest\u00e4. Ratojen suunnittelussa on huomioitu perheen pienimm\u00e4tkin.<\/figcaption><\/figure>\n\n\n\n<p><strong>Osallistumismaksu<\/strong>:<\/p>\n\n\n\n<p>Maksa osallistumismaksu verkkokaupassa\u00a0<strong><em><a rel=\"noreferrer noopener\" href=\"https:\/\/payhip.com\/StreetO\/collection\/turku-jukola\" target=\"_blank\">https:\/\/payhip.com\/StreetO\/collection\/turku-jukola<\/a><\/em><\/strong>\u00a0ja vastaanota tapahtumaan oikeuttava lippu. Etsi rastit ja l\u00f6yd\u00e4 parhaiten joukkuettasi hy\u00f6dytt\u00e4v\u00e4t vastaukset. Ei pelkk\u00e4\u00e4 yksin suunnistamista vaan hauskanpitoa koko Jukolan suunnistusperheen voimin, 19.6. Helsingiss\u00e4 ja Turussa. L\u00e4hde mukaan suunnistuskauden huipentumaan!<\/p>\n\n\n\n<p><\/p>\n","protected":false},"excerpt":{"rendered":"<p>Jukola Street-O Turku j\u00e4rjestet\u00e4\u00e4n 19.6. kello 12-18 Turun keskustan maisemissa kaikkiaan seitsem\u00e4ll\u00e4 eri radalla. Ker\u00e4\u00e4 oma ryhm\u00e4si tai osallistu yksin. Joukkueen j\u00e4senet k\u00e4yv\u00e4t l\u00e4pi omat erilliset ratansa porrastetusti ja vastaavat kysymyksiin. Lopuksi joukkueen pisteet lasketaan yhteen ja paras ryhm\u00e4 kruunataan mittel\u00f6iden voittajaksi. Mukaan voi osallistua my\u00f6s pienemm\u00e4ll\u00e4 joukkueella tai yksin. Vaikeustaso: Radat on suunniteltu niin,&hellip; <a class=\"more-link\" href=\"https:\/\/jukola.street-o.fi\/?page_id=12\">Jatka lukemista <span class=\"screen-reader-text\">Jukola Street-O Turku<\/span><\/a><\/p>\n","protected":false},"author":1,"featured_media":130,"parent":2,"menu_order":1,"comment_status":"closed","ping_status":"closed","template":"","meta":[],"_links":{"self":[{"href":"https:\/\/jukola.street-o.fi\/index.php?rest_route=\/wp\/v2\/pages\/12"}],"collection":[{"href":"https:\/\/jukola.street-o.fi\/index.php?rest_route=\/wp\/v2\/pages"}],"about":[{"href":"https:\/\/jukola.street-o.fi\/index.php?rest_route=\/wp\/v2\/types\/page"}],"author":[{"embeddable":true,"href":"https:\/\/jukola.street-o.fi\/index.php?rest_route=\/wp\/v2\/users\/1"}],"replies":[{"embeddable":true,"href":"https:\/\/jukola.street-o.fi\/index.php?rest_route=%2Fwp%2Fv2%2Fcomments&post=12"}],"version-history":[{"count":14,"href":"https:\/\/jukola.street-o.fi\/index.php?rest_route=\/wp\/v2\/pages\/12\/revisions"}],"predecessor-version":[{"id":192,"href":"https:\/\/jukola.street-o.fi\/index.php?rest_route=\/wp\/v2\/pages\/12\/revisions\/192"}],"up":[{"embeddable":true,"href":"https:\/\/jukola.street-o.fi\/index.php?rest_route=\/wp\/v2\/pages\/2"}],"wp:featuredmedia":[{"embeddable":true,"href":"https:\/\/jukola.street-o.fi\/index.php?rest_route=\/wp\/v2\/media\/130"}],"wp:attachment":[{"href":"https:\/\/jukola.street-o.fi\/index.php?rest_route=%2Fwp%2Fv2%2Fmedia&parent=12"}],"curies":[{"name":"wp","href":"https:\/\/api.w.org\/{rel}","templated":true}]}}