{"id":16,"date":"2021-04-29T09:56:59","date_gmt":"2021-04-29T09:56:59","guid":{"rendered":"https:\/\/jukola.street-o.fi\/?page_id=16"},"modified":"2021-06-15T08:33:51","modified_gmt":"2021-06-15T08:33:51","slug":"jukola-street-o-helsinki","status":"publish","type":"page","link":"https:\/\/jukola.street-o.fi\/?page_id=16","title":{"rendered":"Jukola Street-O Helsinki"},"content":{"rendered":"\n<p>Jukola Street-O Helsinki j\u00e4rjestet\u00e4\u00e4n 19.6. kello 12-18 keskustan alueella yhteens\u00e4 seitsem\u00e4ll\u00e4 eri radalla. Ker\u00e4\u00e4 seitsem\u00e4n hengen ryhm\u00e4si tai osallistu yksin. My\u00f6s pienemm\u00e4ll\u00e4 joukkueella osallistuminen on mahdollista!<\/p>\n\n\n\n<p><strong>Vaikeustaso:<\/strong><\/p>\n\n\n\n<p>Radat toteutetaan kaikki suunnistuksesta kiinnostuneet huomioiden, joten jokainen harrastaja aina aloittelijasta kokeneeseen suunnistajaan saakka on tervetullut mukaan. Vaihtelevassa ja mielenkiintoisessa kaupunkimilj\u00f6\u00f6ss\u00e4 suoritettavat radat tarjoavat toinen toistaan hauskempaa puuhaa etsiess\u00e4si rasteja ja vastaillessasi niihin liittyviin kysymyksiin! Mieti reittisi tarkkaan, koska kaikkia rasteja ei aina kannata hakea. Pisteet vaihtelevat rastikohtaisesti sijainnin ja vaikeustason mukaan. \u00c4l\u00e4 kuitenkaan pohdi liian pitk\u00e4\u00e4n reittivalintoja, sill\u00e4 suorituksen pistem\u00e4\u00e4r\u00e4\u00e4n vaikuttaa sek\u00e4 k\u00e4ytetty aika ett\u00e4 l\u00f6ydetyt rastit!<\/p>\n\n\n\n<figure class=\"wp-block-image size-large\"><img loading=\"lazy\" width=\"1024\" height=\"1024\" src=\"https:\/\/jukola.street-o.fi\/wp-content\/uploads\/2021\/06\/OHJEET-HELSINKI-PIHA-1024x1024.jpg\" alt=\"\" class=\"wp-image-147\" srcset=\"https:\/\/jukola.street-o.fi\/wp-content\/uploads\/2021\/06\/OHJEET-HELSINKI-PIHA-1024x1024.jpg 1024w, https:\/\/jukola.street-o.fi\/wp-content\/uploads\/2021\/06\/OHJEET-HELSINKI-PIHA-300x300.jpg 300w, https:\/\/jukola.street-o.fi\/wp-content\/uploads\/2021\/06\/OHJEET-HELSINKI-PIHA-150x150.jpg 150w, https:\/\/jukola.street-o.fi\/wp-content\/uploads\/2021\/06\/OHJEET-HELSINKI-PIHA-768x768.jpg 768w, https:\/\/jukola.street-o.fi\/wp-content\/uploads\/2021\/06\/OHJEET-HELSINKI-PIHA-1536x1536.jpg 1536w, https:\/\/jukola.street-o.fi\/wp-content\/uploads\/2021\/06\/OHJEET-HELSINKI-PIHA-1568x1568.jpg 1568w, https:\/\/jukola.street-o.fi\/wp-content\/uploads\/2021\/06\/OHJEET-HELSINKI-PIHA.jpg 1920w\" sizes=\"(max-width: 1024px) 100vw, 1024px\" \/><figcaption>Jukola Street-O:n radat sijoittuvat vaihtelevaan kaupunkimilj\u00f6\u00f6seen.<\/figcaption><\/figure>\n\n\n\n<p><strong>Osallistumismaksu:<\/strong><\/p>\n\n\n\n<p>Maksa osallistumismaksu verkkokaupassa\u00a0<strong><em><a rel=\"noreferrer noopener\" href=\"https:\/\/payhip.com\/StreetO\/collection\/helsinki-jukola\" target=\"_blank\">https:\/\/payhip.com\/StreetO\/collection\/helsinki-jukola<\/a><\/em><\/strong>\u00a0ja vastaanota tapahtumaan oikeuttava lippu. Etsi rastit ja l\u00f6yd\u00e4 parhaiten joukkuettasi hy\u00f6dytt\u00e4v\u00e4t vastaukset. Ei pelkk\u00e4\u00e4 yksin suunnistamista vaan hauskanpitoa koko suunnistusperheen voimin, 19.6. Helsingiss\u00e4 ja Turussa. L\u00e4hde mukaan suunnistuskauden huipentumaan!<\/p>\n","protected":false},"excerpt":{"rendered":"<p>Jukola Street-O Helsinki j\u00e4rjestet\u00e4\u00e4n 19.6. kello 12-18 keskustan alueella yhteens\u00e4 seitsem\u00e4ll\u00e4 eri radalla. Ker\u00e4\u00e4 seitsem\u00e4n hengen ryhm\u00e4si tai osallistu yksin. My\u00f6s pienemm\u00e4ll\u00e4 joukkueella osallistuminen on mahdollista! Vaikeustaso: Radat toteutetaan kaikki suunnistuksesta kiinnostuneet huomioiden, joten jokainen harrastaja aina aloittelijasta kokeneeseen suunnistajaan saakka on tervetullut mukaan. Vaihtelevassa ja mielenkiintoisessa kaupunkimilj\u00f6\u00f6ss\u00e4 suoritettavat radat tarjoavat toinen toistaan hauskempaa puuhaa&hellip; <a class=\"more-link\" href=\"https:\/\/jukola.street-o.fi\/?page_id=16\">Jatka lukemista <span class=\"screen-reader-text\">Jukola Street-O Helsinki<\/span><\/a><\/p>\n","protected":false},"author":1,"featured_media":19,"parent":2,"menu_order":1,"comment_status":"closed","ping_status":"closed","template":"","meta":[],"_links":{"self":[{"href":"https:\/\/jukola.street-o.fi\/index.php?rest_route=\/wp\/v2\/pages\/16"}],"collection":[{"href":"https:\/\/jukola.street-o.fi\/index.php?rest_route=\/wp\/v2\/pages"}],"about":[{"href":"https:\/\/jukola.street-o.fi\/index.php?rest_route=\/wp\/v2\/types\/page"}],"author":[{"embeddable":true,"href":"https:\/\/jukola.street-o.fi\/index.php?rest_route=\/wp\/v2\/users\/1"}],"replies":[{"embeddable":true,"href":"https:\/\/jukola.street-o.fi\/index.php?rest_route=%2Fwp%2Fv2%2Fcomments&post=16"}],"version-history":[{"count":8,"href":"https:\/\/jukola.street-o.fi\/index.php?rest_route=\/wp\/v2\/pages\/16\/revisions"}],"predecessor-version":[{"id":186,"href":"https:\/\/jukola.street-o.fi\/index.php?rest_route=\/wp\/v2\/pages\/16\/revisions\/186"}],"up":[{"embeddable":true,"href":"https:\/\/jukola.street-o.fi\/index.php?rest_route=\/wp\/v2\/pages\/2"}],"wp:featuredmedia":[{"embeddable":true,"href":"https:\/\/jukola.street-o.fi\/index.php?rest_route=\/wp\/v2\/media\/19"}],"wp:attachment":[{"href":"https:\/\/jukola.street-o.fi\/index.php?rest_route=%2Fwp%2Fv2%2Fmedia&parent=16"}],"curies":[{"name":"wp","href":"https:\/\/api.w.org\/{rel}","templated":true}]}}