{"id":160,"date":"2021-06-07T11:43:01","date_gmt":"2021-06-07T11:43:01","guid":{"rendered":"https:\/\/jukola.street-o.fi\/?page_id=160"},"modified":"2021-06-11T07:03:13","modified_gmt":"2021-06-11T07:03:13","slug":"osallistu","status":"publish","type":"page","link":"https:\/\/jukola.street-o.fi\/?page_id=160","title":{"rendered":"Osallistu"},"content":{"rendered":"\n<p><strong>Ilmoittautuminen ja ilmoittautumismaksut<\/strong><\/p>\n\n\n\n<p>Osta lippusi Jukola Street-O -tapahtumaan etuk\u00e4teen verkkokaupassa, maksamalla tilisiirtona tai s\u00e4hk\u00f6isiss\u00e4 palveluissa.<\/p>\n\n\n\n<p><strong>Jukola Street-O hinnasto:<\/strong><\/p>\n\n\n\n<p>1 hl\u00f6 = 8\u20ac<br>4 hl\u00f6 joukkue = 28\u20ac<br>7 hl\u00f6 joukkue 42\u20ac<\/p>\n\n\n\n<p><strong>1) Osta ennakkolippu Helsingin tai Turun tapahtumiin verkkokaupasta:<\/strong> <\/p>\n\n\n\n<p>Helsinki: <a href=\"https:\/\/payhip.com\/StreetO\/collection\/helsinki-jukola\" target=\"_blank\" rel=\"noreferrer noopener\">https:\/\/payhip.com\/StreetO\/collection\/helsinki-jukola<\/a><\/p>\n\n\n\n<p>Turku: <a href=\"https:\/\/payhip.com\/StreetO\/collection\/turku-jukola\" target=\"_blank\" rel=\"noreferrer noopener\">https:\/\/payhip.com\/StreetO\/collection\/turku-jukola<\/a><\/p>\n\n\n\n<p><strong>2) Voit my\u00f6s maksaa maksun tilisiirtona:<\/strong><\/p>\n\n\n\n<p>Saaja: Oy Street-O Ab<\/p>\n\n\n\n<p>Tilinumero: FI05 1691 3000 0192 95<\/p>\n\n\n\n<p>Merkitse haluamasi kaupunki lis\u00e4tiedot\/viesti -kohtaan: <br>Jukola Street-O Helsinki \/ Jukola Street-O Turku<\/p>\n\n\n\n<p><strong>3) Muut k\u00e4yt\u00f6ss\u00e4 olevat maksuvaihtoehdot: <\/strong><br>(e-Passi-mobiili, Virike-mobiili, EazyBreak ja SmartumPay)<\/p>\n\n\n\n<p>Saaja: <\/p>\n\n\n\n<p>Oy Street-O Ab \/ Street-O Helsinki<br>Oy Street-O Ab \/ Street-O Turku<\/p>\n\n\n\n<p><\/p>\n\n\n\n<p><\/p>\n","protected":false},"excerpt":{"rendered":"<p>Ilmoittautuminen ja ilmoittautumismaksut Osta lippusi Jukola Street-O -tapahtumaan etuk\u00e4teen verkkokaupassa, maksamalla tilisiirtona tai s\u00e4hk\u00f6isiss\u00e4 palveluissa. Jukola Street-O hinnasto: 1 hl\u00f6 = 8\u20ac4 hl\u00f6 joukkue = 28\u20ac7 hl\u00f6 joukkue 42\u20ac 1) Osta ennakkolippu Helsingin tai Turun tapahtumiin verkkokaupasta: Helsinki: https:\/\/payhip.com\/StreetO\/collection\/helsinki-jukola Turku: https:\/\/payhip.com\/StreetO\/collection\/turku-jukola 2) Voit my\u00f6s maksaa maksun tilisiirtona: Saaja: Oy Street-O Ab Tilinumero: FI05 1691 3000&hellip; <a class=\"more-link\" href=\"https:\/\/jukola.street-o.fi\/?page_id=160\">Jatka lukemista <span class=\"screen-reader-text\">Osallistu<\/span><\/a><\/p>\n","protected":false},"author":2,"featured_media":0,"parent":0,"menu_order":0,"comment_status":"closed","ping_status":"closed","template":"","meta":[],"_links":{"self":[{"href":"https:\/\/jukola.street-o.fi\/index.php?rest_route=\/wp\/v2\/pages\/160"}],"collection":[{"href":"https:\/\/jukola.street-o.fi\/index.php?rest_route=\/wp\/v2\/pages"}],"about":[{"href":"https:\/\/jukola.street-o.fi\/index.php?rest_route=\/wp\/v2\/types\/page"}],"author":[{"embeddable":true,"href":"https:\/\/jukola.street-o.fi\/index.php?rest_route=\/wp\/v2\/users\/2"}],"replies":[{"embeddable":true,"href":"https:\/\/jukola.street-o.fi\/index.php?rest_route=%2Fwp%2Fv2%2Fcomments&post=160"}],"version-history":[{"count":3,"href":"https:\/\/jukola.street-o.fi\/index.php?rest_route=\/wp\/v2\/pages\/160\/revisions"}],"predecessor-version":[{"id":172,"href":"https:\/\/jukola.street-o.fi\/index.php?rest_route=\/wp\/v2\/pages\/160\/revisions\/172"}],"wp:attachment":[{"href":"https:\/\/jukola.street-o.fi\/index.php?rest_route=%2Fwp%2Fv2%2Fmedia&parent=160"}],"curies":[{"name":"wp","href":"https:\/\/api.w.org\/{rel}","templated":true}]}}