{"id":28,"date":"2021-05-21T11:41:19","date_gmt":"2021-05-21T11:41:19","guid":{"rendered":"https:\/\/jukola.street-o.fi\/?page_id=28"},"modified":"2021-06-07T10:54:01","modified_gmt":"2021-06-07T10:54:01","slug":"ratakuvaukset-turku","status":"publish","type":"page","link":"https:\/\/jukola.street-o.fi\/?page_id=28","title":{"rendered":"Radat, Turku"},"content":{"rendered":"\n<hr class=\"wp-block-separator is-style-twentytwentyone-separator-thick\"\/>\n\n\n\n<div class=\"wp-container-3 wp-block-columns\">\n<div class=\"wp-container-1 wp-block-column is-vertically-aligned-center\" style=\"flex-basis:80%\">\n<p class=\"has-extra-large-font-size\">Rata 1<\/p>\n<\/div>\n\n\n\n<div class=\"wp-container-2 wp-block-column is-vertically-aligned-center\"><\/div>\n<\/div>\n\n\n\n<figure class=\"wp-block-image size-large is-style-default\"><img loading=\"lazy\" width=\"1024\" height=\"1024\" src=\"https:\/\/jukola.street-o.fi\/wp-content\/uploads\/2021\/05\/DSC1676-YOKYLA-RATAKUVAUKSET-1024x1024.jpg\" alt=\"\" class=\"wp-image-63\" srcset=\"https:\/\/jukola.street-o.fi\/wp-content\/uploads\/2021\/05\/DSC1676-YOKYLA-RATAKUVAUKSET-1024x1024.jpg 1024w, https:\/\/jukola.street-o.fi\/wp-content\/uploads\/2021\/05\/DSC1676-YOKYLA-RATAKUVAUKSET-300x300.jpg 300w, https:\/\/jukola.street-o.fi\/wp-content\/uploads\/2021\/05\/DSC1676-YOKYLA-RATAKUVAUKSET-150x150.jpg 150w, https:\/\/jukola.street-o.fi\/wp-content\/uploads\/2021\/05\/DSC1676-YOKYLA-RATAKUVAUKSET-768x768.jpg 768w, https:\/\/jukola.street-o.fi\/wp-content\/uploads\/2021\/05\/DSC1676-YOKYLA-RATAKUVAUKSET-1536x1536.jpg 1536w, https:\/\/jukola.street-o.fi\/wp-content\/uploads\/2021\/05\/DSC1676-YOKYLA-RATAKUVAUKSET-1568x1568.jpg 1568w, https:\/\/jukola.street-o.fi\/wp-content\/uploads\/2021\/05\/DSC1676-YOKYLA-RATAKUVAUKSET.jpg 1920w\" sizes=\"(max-width: 1024px) 100vw, 1024px\" \/><\/figure>\n\n\n\n<p><strong>Ylioppilaskyl\u00e4.<\/strong> Ovatko korkeakouluopiskelijat viel\u00e4k\u00e4\u00e4n p\u00e4\u00e4sseet kes\u00e4lomalle? Kaikuuko Valovirran ja S\u00f6derlundin suunnittelemien rakennusten pihoilla hiljaisuus vai opiskelijajuhlien railakas melakka? YO-kyl\u00e4n betonisokkeloiden ohella voit katsella maisemia my\u00f6s Aurajoen varrelta. Matkalla kohti ylioppilaskyl\u00e4\u00e4 l\u00f6yt\u00e4net pisteit\u00e4 yliopiston rakennusten kupeesta. \u201dOliko se nyt Calonia, Arcanum, Educarium vai Publicum?\u201d. Radan suoritusaika on 1 tunti.<\/p>\n\n\n\n<hr class=\"wp-block-separator is-style-default\"\/>\n\n\n\n<div class=\"wp-container-6 wp-block-columns\">\n<div class=\"wp-container-4 wp-block-column is-vertically-aligned-center\" style=\"flex-basis:80%\">\n<p class=\"has-extra-large-font-size\">Rata 2<\/p>\n<\/div>\n\n\n\n<div class=\"wp-container-5 wp-block-column is-vertically-aligned-center\"><\/div>\n<\/div>\n\n\n\n<figure class=\"wp-block-image size-large\"><img loading=\"lazy\" width=\"1024\" height=\"1024\" src=\"https:\/\/jukola.street-o.fi\/wp-content\/uploads\/2021\/05\/DSC1799-NUMMI-RATAKUVAUKSET-1024x1024.jpg\" alt=\"\" class=\"wp-image-65\" srcset=\"https:\/\/jukola.street-o.fi\/wp-content\/uploads\/2021\/05\/DSC1799-NUMMI-RATAKUVAUKSET-1024x1024.jpg 1024w, https:\/\/jukola.street-o.fi\/wp-content\/uploads\/2021\/05\/DSC1799-NUMMI-RATAKUVAUKSET-300x300.jpg 300w, https:\/\/jukola.street-o.fi\/wp-content\/uploads\/2021\/05\/DSC1799-NUMMI-RATAKUVAUKSET-150x150.jpg 150w, https:\/\/jukola.street-o.fi\/wp-content\/uploads\/2021\/05\/DSC1799-NUMMI-RATAKUVAUKSET-768x768.jpg 768w, https:\/\/jukola.street-o.fi\/wp-content\/uploads\/2021\/05\/DSC1799-NUMMI-RATAKUVAUKSET-1536x1536.jpg 1536w, https:\/\/jukola.street-o.fi\/wp-content\/uploads\/2021\/05\/DSC1799-NUMMI-RATAKUVAUKSET-1568x1568.jpg 1568w, https:\/\/jukola.street-o.fi\/wp-content\/uploads\/2021\/05\/DSC1799-NUMMI-RATAKUVAUKSET.jpg 1920w\" sizes=\"(max-width: 1024px) 100vw, 1024px\" \/><\/figure>\n\n\n\n<p><strong>It\u00e4harju-Nummenm\u00e4ki.<\/strong> Mit\u00e4 historiallisia kohteita alueelta l\u00f6ytyy? Meneek\u00f6 silm\u00e4t sekaisin talon numeroita tai kadun nimi\u00e4 tarkistaessa? Rastipisteit\u00e4 l\u00f6ytyy ainakin Nummenm\u00e4en asuinalueen ja It\u00e4harjun teollisuusalueen maastoihin, mutta matkaa taitetaan my\u00f6s Kupittaan puolella ja sairaalan l\u00e4hettyvill\u00e4. Montako kertaa p\u00e4\u00e4t\u00e4t kulkea Helsinginkadun yli? Suoritusaika on 1 tunti.<\/p>\n\n\n\n<hr class=\"wp-block-separator is-style-default\"\/>\n\n\n\n<div class=\"wp-container-9 wp-block-columns\">\n<div class=\"wp-container-7 wp-block-column is-vertically-aligned-center\" style=\"flex-basis:80%\">\n<p class=\"has-extra-large-font-size\">Rata 3<\/p>\n<\/div>\n\n\n\n<div class=\"wp-container-8 wp-block-column is-vertically-aligned-center\"><\/div>\n<\/div>\n\n\n\n<figure class=\"wp-block-image size-large\"><img loading=\"lazy\" width=\"1024\" height=\"1024\" src=\"https:\/\/jukola.street-o.fi\/wp-content\/uploads\/2021\/06\/RATAKUVAUKSET-VARTIOVUORI-1024x1024.jpg\" alt=\"\" class=\"wp-image-125\" srcset=\"https:\/\/jukola.street-o.fi\/wp-content\/uploads\/2021\/06\/RATAKUVAUKSET-VARTIOVUORI-1024x1024.jpg 1024w, https:\/\/jukola.street-o.fi\/wp-content\/uploads\/2021\/06\/RATAKUVAUKSET-VARTIOVUORI-300x300.jpg 300w, https:\/\/jukola.street-o.fi\/wp-content\/uploads\/2021\/06\/RATAKUVAUKSET-VARTIOVUORI-150x150.jpg 150w, https:\/\/jukola.street-o.fi\/wp-content\/uploads\/2021\/06\/RATAKUVAUKSET-VARTIOVUORI-768x768.jpg 768w, https:\/\/jukola.street-o.fi\/wp-content\/uploads\/2021\/06\/RATAKUVAUKSET-VARTIOVUORI-1536x1536.jpg 1536w, https:\/\/jukola.street-o.fi\/wp-content\/uploads\/2021\/06\/RATAKUVAUKSET-VARTIOVUORI-1568x1568.jpg 1568w, https:\/\/jukola.street-o.fi\/wp-content\/uploads\/2021\/06\/RATAKUVAUKSET-VARTIOVUORI.jpg 1920w\" sizes=\"(max-width: 1024px) 100vw, 1024px\" \/><\/figure>\n\n\n\n<p><strong>Kupittaa-Kurjenm\u00e4ki. <\/strong>Mik\u00e4 palloilulaji on t\u00e4n\u00e4 p\u00e4iv\u00e4n\u00e4 Kupittaan suosituin? Tarjoaako Vasaram\u00e4enpuisto yll\u00e4tt\u00e4vi\u00e4 rastipisteit\u00e4 tai paikkaa suunnistusvirheille? K\u00e4y aistimassa siirtolapuutarhan tunnelmaa ja kiipe\u00e4 viel\u00e4 lopuksi Vartiovuoren p\u00e4\u00e4lle katselemaan maisemia. Muista radan pitk\u00e4 suoritusaika, \u00e4l\u00e4k\u00e4 juokse jalkoja alta heti ensimm\u00e4isen vartin aikana! Suoritusaika on 1 tunti ja 15 minuuttia.<\/p>\n\n\n\n<hr class=\"wp-block-separator is-style-default\"\/>\n\n\n\n<div class=\"wp-container-12 wp-block-columns\">\n<div class=\"wp-container-10 wp-block-column is-vertically-aligned-center\" style=\"flex-basis:80%\">\n<p class=\"has-extra-large-font-size\">Rata 4<\/p>\n<\/div>\n\n\n\n<div class=\"wp-container-11 wp-block-column is-vertically-aligned-center\"><\/div>\n<\/div>\n\n\n\n<figure class=\"wp-block-image size-large\"><img loading=\"lazy\" width=\"1024\" height=\"1024\" src=\"https:\/\/jukola.street-o.fi\/wp-content\/uploads\/2021\/05\/DSC1741-VARTIOVUORI-RATAKUVAUS-1024x1024.jpg\" alt=\"\" class=\"wp-image-71\" srcset=\"https:\/\/jukola.street-o.fi\/wp-content\/uploads\/2021\/05\/DSC1741-VARTIOVUORI-RATAKUVAUS-1024x1024.jpg 1024w, https:\/\/jukola.street-o.fi\/wp-content\/uploads\/2021\/05\/DSC1741-VARTIOVUORI-RATAKUVAUS-300x300.jpg 300w, https:\/\/jukola.street-o.fi\/wp-content\/uploads\/2021\/05\/DSC1741-VARTIOVUORI-RATAKUVAUS-150x150.jpg 150w, https:\/\/jukola.street-o.fi\/wp-content\/uploads\/2021\/05\/DSC1741-VARTIOVUORI-RATAKUVAUS-768x768.jpg 768w, https:\/\/jukola.street-o.fi\/wp-content\/uploads\/2021\/05\/DSC1741-VARTIOVUORI-RATAKUVAUS-1536x1536.jpg 1536w, https:\/\/jukola.street-o.fi\/wp-content\/uploads\/2021\/05\/DSC1741-VARTIOVUORI-RATAKUVAUS-1568x1568.jpg 1568w, https:\/\/jukola.street-o.fi\/wp-content\/uploads\/2021\/05\/DSC1741-VARTIOVUORI-RATAKUVAUS.jpg 1920w\" sizes=\"(max-width: 1024px) 100vw, 1024px\" \/><\/figure>\n\n\n\n<p><strong>Tuomiokirkkosillalta Myllysillalle.<\/strong> Aurajoen ranta ydinkeskustan tuntumassa tuskin tarvitsee esittelyj\u00e4. Tunne meren tuulahdus ja nauti ydinkeskustan melskeest\u00e4, mutta ennen kaikkea l\u00f6yd\u00e4 rastit. Pys\u00e4hdy terassille kahvittelemaan vain \u00e4\u00e4rimm\u00e4isess\u00e4 tarpeessa, sill\u00e4 nousumetrit Samppalinnanvuorelle ja Vartiovuorelle hidastavat juoksuvauhtia. Suoritusaika on 45 minuuttia.<\/p>\n\n\n\n<hr class=\"wp-block-separator is-style-default\"\/>\n\n\n\n<div class=\"wp-container-15 wp-block-columns\">\n<div class=\"wp-container-13 wp-block-column is-vertically-aligned-center\" style=\"flex-basis:80%\">\n<p class=\"has-extra-large-font-size\">Rata 5<\/p>\n<\/div>\n\n\n\n<div class=\"wp-container-14 wp-block-column is-vertically-aligned-center\"><\/div>\n<\/div>\n\n\n\n<figure class=\"wp-block-image size-large\"><img loading=\"lazy\" width=\"1024\" height=\"1024\" src=\"https:\/\/jukola.street-o.fi\/wp-content\/uploads\/2021\/05\/DSC0410-JOKIMAISEMA-REITTIKUVAUKSET-1024x1024.jpg\" alt=\"\" class=\"wp-image-73\" srcset=\"https:\/\/jukola.street-o.fi\/wp-content\/uploads\/2021\/05\/DSC0410-JOKIMAISEMA-REITTIKUVAUKSET-1024x1024.jpg 1024w, https:\/\/jukola.street-o.fi\/wp-content\/uploads\/2021\/05\/DSC0410-JOKIMAISEMA-REITTIKUVAUKSET-300x300.jpg 300w, https:\/\/jukola.street-o.fi\/wp-content\/uploads\/2021\/05\/DSC0410-JOKIMAISEMA-REITTIKUVAUKSET-150x150.jpg 150w, https:\/\/jukola.street-o.fi\/wp-content\/uploads\/2021\/05\/DSC0410-JOKIMAISEMA-REITTIKUVAUKSET-768x768.jpg 768w, https:\/\/jukola.street-o.fi\/wp-content\/uploads\/2021\/05\/DSC0410-JOKIMAISEMA-REITTIKUVAUKSET-1536x1536.jpg 1536w, https:\/\/jukola.street-o.fi\/wp-content\/uploads\/2021\/05\/DSC0410-JOKIMAISEMA-REITTIKUVAUKSET-1568x1568.jpg 1568w, https:\/\/jukola.street-o.fi\/wp-content\/uploads\/2021\/05\/DSC0410-JOKIMAISEMA-REITTIKUVAUKSET.jpg 1920w\" sizes=\"(max-width: 1024px) 100vw, 1024px\" \/><\/figure>\n\n\n\n<p><strong>Tuomiokirkkosillalta Rautatiesillalle.<\/strong> Kuljetko t\u00e4l vai tois pual jokke? Valitsetko Yliopistonm\u00e4en vai ydinkeskustan? Uskotko ehtiv\u00e4si joen molemmille puolille? L\u00f6yd\u00e4 paras reitti jokimaisemaan, \u00e4l\u00e4k\u00e4 anna lyhyemm\u00e4n matkan h\u00e4m\u00e4t\u00e4, sill\u00e4 my\u00f6s tavoiteaika on tavallista tiukempi! Suoritusaika on 45 minuuttia.<\/p>\n\n\n\n<hr class=\"wp-block-separator is-style-default\"\/>\n\n\n\n<div class=\"wp-container-18 wp-block-columns\">\n<div class=\"wp-container-16 wp-block-column is-vertically-aligned-center\" style=\"flex-basis:80%\">\n<p class=\"has-extra-large-font-size\">Rata 6<\/p>\n<\/div>\n\n\n\n<div class=\"wp-container-17 wp-block-column is-vertically-aligned-center\"><\/div>\n<\/div>\n\n\n\n<figure class=\"wp-block-image size-large\"><img loading=\"lazy\" width=\"1024\" height=\"1024\" src=\"https:\/\/jukola.street-o.fi\/wp-content\/uploads\/2021\/05\/DSC1840-YDINKESKUSTA-RATAKUVAUKSET-1024x1024.jpg\" alt=\"\" class=\"wp-image-67\" srcset=\"https:\/\/jukola.street-o.fi\/wp-content\/uploads\/2021\/05\/DSC1840-YDINKESKUSTA-RATAKUVAUKSET-1024x1024.jpg 1024w, https:\/\/jukola.street-o.fi\/wp-content\/uploads\/2021\/05\/DSC1840-YDINKESKUSTA-RATAKUVAUKSET-300x300.jpg 300w, https:\/\/jukola.street-o.fi\/wp-content\/uploads\/2021\/05\/DSC1840-YDINKESKUSTA-RATAKUVAUKSET-150x150.jpg 150w, https:\/\/jukola.street-o.fi\/wp-content\/uploads\/2021\/05\/DSC1840-YDINKESKUSTA-RATAKUVAUKSET-768x768.jpg 768w, https:\/\/jukola.street-o.fi\/wp-content\/uploads\/2021\/05\/DSC1840-YDINKESKUSTA-RATAKUVAUKSET-1536x1536.jpg 1536w, https:\/\/jukola.street-o.fi\/wp-content\/uploads\/2021\/05\/DSC1840-YDINKESKUSTA-RATAKUVAUKSET-1568x1568.jpg 1568w, https:\/\/jukola.street-o.fi\/wp-content\/uploads\/2021\/05\/DSC1840-YDINKESKUSTA-RATAKUVAUKSET.jpg 1920w\" sizes=\"(max-width: 1024px) 100vw, 1024px\" \/><\/figure>\n\n\n\n<p><strong>Ydinkeskusta.<\/strong> Aurajoen reunoilta juna-asemalle ja Kakolanm\u00e4en tuntumaan asti. Ydinkeskustan vanhat rakennukset ja historialliset kohteet tuovat rastipisteisiin jotain erilaista. Monipuolista juoksualustaa tarjoavat keskustan pienet puistot, mukulakivikadut ja asfaltoidut tiet. Milt\u00e4 Puolalanm\u00e4ki t\u00e4n\u00e4 kes\u00e4n\u00e4 n\u00e4ytt\u00e4\u00e4? Suoritusaika on 1 tunti.<\/p>\n\n\n\n<hr class=\"wp-block-separator is-style-default\"\/>\n\n\n\n<h2><sub>Rata 7<\/sub><\/h2>\n\n\n\n<figure class=\"wp-block-image size-large\"><img loading=\"lazy\" width=\"1024\" height=\"1024\" src=\"https:\/\/jukola.street-o.fi\/wp-content\/uploads\/2021\/06\/RATAKUVAUKSET-MARTTI-1024x1024.jpg\" alt=\"Rata seitsem\u00e4n, Martti\" class=\"wp-image-123\" srcset=\"https:\/\/jukola.street-o.fi\/wp-content\/uploads\/2021\/06\/RATAKUVAUKSET-MARTTI-1024x1024.jpg 1024w, https:\/\/jukola.street-o.fi\/wp-content\/uploads\/2021\/06\/RATAKUVAUKSET-MARTTI-300x300.jpg 300w, https:\/\/jukola.street-o.fi\/wp-content\/uploads\/2021\/06\/RATAKUVAUKSET-MARTTI-150x150.jpg 150w, https:\/\/jukola.street-o.fi\/wp-content\/uploads\/2021\/06\/RATAKUVAUKSET-MARTTI-768x768.jpg 768w, https:\/\/jukola.street-o.fi\/wp-content\/uploads\/2021\/06\/RATAKUVAUKSET-MARTTI-1536x1536.jpg 1536w, https:\/\/jukola.street-o.fi\/wp-content\/uploads\/2021\/06\/RATAKUVAUKSET-MARTTI-1568x1568.jpg 1568w, https:\/\/jukola.street-o.fi\/wp-content\/uploads\/2021\/06\/RATAKUVAUKSET-MARTTI.jpg 1920w\" sizes=\"(max-width: 1024px) 100vw, 1024px\" \/><\/figure>\n\n\n\n<p><strong>Martin kautta V\u00e4h\u00e4heikkil\u00e4\u00e4n.<\/strong> K\u00e4y aistimassa Paavo Nurmen stadionin tunnelmaa, kiipe\u00e4 sek\u00e4 Samppalinnanvuorelle ett\u00e4 Vartiovuorelle ja k\u00e4y Jukola Street-O:n keskuksesta kaukaisimmalla rastilla V\u00e4h\u00e4heikkil\u00e4ss\u00e4. Pitk\u00e4ll\u00e4 radalla vaaditaan kest\u00e4vyytt\u00e4 mutta my\u00f6s \u00e4ly\u00e4, sill\u00e4 optimaalisen reitin suunnittelu omaan vauhtiin n\u00e4hden on tavallista haastavampaa. Suoritusaika on 1 tunti ja 15 minuuttia.<\/p>\n","protected":false},"excerpt":{"rendered":"<p>Rata 1 Ylioppilaskyl\u00e4. Ovatko korkeakouluopiskelijat viel\u00e4k\u00e4\u00e4n p\u00e4\u00e4sseet kes\u00e4lomalle? Kaikuuko Valovirran ja S\u00f6derlundin suunnittelemien rakennusten pihoilla hiljaisuus vai opiskelijajuhlien railakas melakka? YO-kyl\u00e4n betonisokkeloiden ohella voit katsella maisemia my\u00f6s Aurajoen varrelta. Matkalla kohti ylioppilaskyl\u00e4\u00e4 l\u00f6yt\u00e4net pisteit\u00e4 yliopiston rakennusten kupeesta. \u201dOliko se nyt Calonia, Arcanum, Educarium vai Publicum?\u201d. Radan suoritusaika on 1 tunti. Rata 2 It\u00e4harju-Nummenm\u00e4ki. Mit\u00e4 historiallisia&hellip; <a class=\"more-link\" href=\"https:\/\/jukola.street-o.fi\/?page_id=28\">Jatka lukemista <span class=\"screen-reader-text\">Radat, Turku<\/span><\/a><\/p>\n","protected":false},"author":1,"featured_media":0,"parent":2,"menu_order":2,"comment_status":"closed","ping_status":"closed","template":"","meta":[],"_links":{"self":[{"href":"https:\/\/jukola.street-o.fi\/index.php?rest_route=\/wp\/v2\/pages\/28"}],"collection":[{"href":"https:\/\/jukola.street-o.fi\/index.php?rest_route=\/wp\/v2\/pages"}],"about":[{"href":"https:\/\/jukola.street-o.fi\/index.php?rest_route=\/wp\/v2\/types\/page"}],"author":[{"embeddable":true,"href":"https:\/\/jukola.street-o.fi\/index.php?rest_route=\/wp\/v2\/users\/1"}],"replies":[{"embeddable":true,"href":"https:\/\/jukola.street-o.fi\/index.php?rest_route=%2Fwp%2Fv2%2Fcomments&post=28"}],"version-history":[{"count":11,"href":"https:\/\/jukola.street-o.fi\/index.php?rest_route=\/wp\/v2\/pages\/28\/revisions"}],"predecessor-version":[{"id":139,"href":"https:\/\/jukola.street-o.fi\/index.php?rest_route=\/wp\/v2\/pages\/28\/revisions\/139"}],"up":[{"embeddable":true,"href":"https:\/\/jukola.street-o.fi\/index.php?rest_route=\/wp\/v2\/pages\/2"}],"wp:attachment":[{"href":"https:\/\/jukola.street-o.fi\/index.php?rest_route=%2Fwp%2Fv2%2Fmedia&parent=28"}],"curies":[{"name":"wp","href":"https:\/\/api.w.org\/{rel}","templated":true}]}}