{"id":37,"date":"2021-05-21T11:58:05","date_gmt":"2021-05-21T11:58:05","guid":{"rendered":"https:\/\/jukola.street-o.fi\/?page_id=37"},"modified":"2021-06-07T10:25:15","modified_gmt":"2021-06-07T10:25:15","slug":"ratakuvausket-helsinki","status":"publish","type":"page","link":"https:\/\/jukola.street-o.fi\/?page_id=37","title":{"rendered":"Radat, Helsinki"},"content":{"rendered":"\n<hr class=\"wp-block-separator is-style-twentytwentyone-separator-thick\"\/>\n\n\n\n<p><\/p>\n\n\n\n<div class=\"wp-container-3 wp-block-columns\">\n<div class=\"wp-container-1 wp-block-column is-vertically-aligned-center\" style=\"flex-basis:80%\">\n<p class=\"has-extra-large-font-size\">Rata 1<\/p>\n<\/div>\n\n\n\n<div class=\"wp-container-2 wp-block-column is-vertically-aligned-center\"><\/div>\n<\/div>\n\n\n\n<figure class=\"wp-block-image size-large\"><img loading=\"lazy\" width=\"1024\" height=\"1024\" src=\"https:\/\/jukola.street-o.fi\/wp-content\/uploads\/2021\/06\/RATAKUVAUKSET-TAHTITORNI-1024x1024.jpg\" alt=\"\" class=\"wp-image-120\" srcset=\"https:\/\/jukola.street-o.fi\/wp-content\/uploads\/2021\/06\/RATAKUVAUKSET-TAHTITORNI-1024x1024.jpg 1024w, https:\/\/jukola.street-o.fi\/wp-content\/uploads\/2021\/06\/RATAKUVAUKSET-TAHTITORNI-300x300.jpg 300w, https:\/\/jukola.street-o.fi\/wp-content\/uploads\/2021\/06\/RATAKUVAUKSET-TAHTITORNI-150x150.jpg 150w, https:\/\/jukola.street-o.fi\/wp-content\/uploads\/2021\/06\/RATAKUVAUKSET-TAHTITORNI-768x768.jpg 768w, https:\/\/jukola.street-o.fi\/wp-content\/uploads\/2021\/06\/RATAKUVAUKSET-TAHTITORNI-1536x1536.jpg 1536w, https:\/\/jukola.street-o.fi\/wp-content\/uploads\/2021\/06\/RATAKUVAUKSET-TAHTITORNI-1568x1568.jpg 1568w, https:\/\/jukola.street-o.fi\/wp-content\/uploads\/2021\/06\/RATAKUVAUKSET-TAHTITORNI.jpg 1920w\" sizes=\"(max-width: 1024px) 100vw, 1024px\" \/><\/figure>\n\n\n\n<p>Keskusta. T\u00e4lt\u00e4 osaksi t\u00e4ysin uudelta alueelta l\u00f6ytyy v\u00e4h\u00e4n kaikkea; p\u00e4\u00e4set seikkailemaan T\u00e4htitorninvuorelle, hakemaan rasteja Vanhalta kirkolta sek\u00e4 tutkimaan Senaatintoria. Rata k\u00e4y monessa erityyppisess\u00e4 maastossa, ja pisteiden maksimointi vaatii taitavaa suunnittelua. Suoritusaikaa perinteinen 1 tunti.<\/p>\n\n\n\n<hr class=\"wp-block-separator is-style-default\"\/>\n\n\n\n<div class=\"wp-container-6 wp-block-columns\">\n<div class=\"wp-container-4 wp-block-column is-vertically-aligned-center\" style=\"flex-basis:80%\">\n<p class=\"has-extra-large-font-size\">Rata 2<\/p>\n<\/div>\n\n\n\n<div class=\"wp-container-5 wp-block-column is-vertically-aligned-center\"><\/div>\n<\/div>\n\n\n\n<figure class=\"wp-block-image size-large\"><img loading=\"lazy\" width=\"1024\" height=\"1024\" src=\"https:\/\/jukola.street-o.fi\/wp-content\/uploads\/2021\/06\/RATAKUVAUKSET-EIRA-1024x1024.jpg\" alt=\"\" class=\"wp-image-121\" srcset=\"https:\/\/jukola.street-o.fi\/wp-content\/uploads\/2021\/06\/RATAKUVAUKSET-EIRA-1024x1024.jpg 1024w, https:\/\/jukola.street-o.fi\/wp-content\/uploads\/2021\/06\/RATAKUVAUKSET-EIRA-300x300.jpg 300w, https:\/\/jukola.street-o.fi\/wp-content\/uploads\/2021\/06\/RATAKUVAUKSET-EIRA-150x150.jpg 150w, https:\/\/jukola.street-o.fi\/wp-content\/uploads\/2021\/06\/RATAKUVAUKSET-EIRA-768x768.jpg 768w, https:\/\/jukola.street-o.fi\/wp-content\/uploads\/2021\/06\/RATAKUVAUKSET-EIRA-1536x1536.jpg 1536w, https:\/\/jukola.street-o.fi\/wp-content\/uploads\/2021\/06\/RATAKUVAUKSET-EIRA-1568x1568.jpg 1568w, https:\/\/jukola.street-o.fi\/wp-content\/uploads\/2021\/06\/RATAKUVAUKSET-EIRA.jpg 1920w\" sizes=\"(max-width: 1024px) 100vw, 1024px\" \/><\/figure>\n\n\n\n<p>Eira-Punavuori. Toisella osuudella seikkailu jatkuu hulppeiden huviloiden sek\u00e4 kauniiden merenrantamaisemien lomassa. Tunnistatko suurl\u00e4hetyst\u00f6jen liput toisistaan? Luonnistuuko m\u00e4kijuoksu? Silloin t\u00e4m\u00e4 osuus on juuri sinulle! Suoritusaikaa 1 tunti.<\/p>\n\n\n\n<hr class=\"wp-block-separator is-style-default\"\/>\n\n\n\n<div class=\"wp-container-9 wp-block-columns\">\n<div class=\"wp-container-7 wp-block-column is-vertically-aligned-center\" style=\"flex-basis:80%\">\n<p class=\"has-extra-large-font-size\">Rata 3<\/p>\n<\/div>\n\n\n\n<div class=\"wp-container-8 wp-block-column is-vertically-aligned-center\"><\/div>\n<\/div>\n\n\n\n<figure class=\"wp-block-image size-large\"><img loading=\"lazy\" width=\"1024\" height=\"1024\" src=\"https:\/\/jukola.street-o.fi\/wp-content\/uploads\/2021\/05\/RATAKUVAUKSET-ULLANLINNA-1024x1024.jpg\" alt=\"\" class=\"wp-image-80\" srcset=\"https:\/\/jukola.street-o.fi\/wp-content\/uploads\/2021\/05\/RATAKUVAUKSET-ULLANLINNA-1024x1024.jpg 1024w, https:\/\/jukola.street-o.fi\/wp-content\/uploads\/2021\/05\/RATAKUVAUKSET-ULLANLINNA-300x300.jpg 300w, https:\/\/jukola.street-o.fi\/wp-content\/uploads\/2021\/05\/RATAKUVAUKSET-ULLANLINNA-150x150.jpg 150w, https:\/\/jukola.street-o.fi\/wp-content\/uploads\/2021\/05\/RATAKUVAUKSET-ULLANLINNA-768x768.jpg 768w, https:\/\/jukola.street-o.fi\/wp-content\/uploads\/2021\/05\/RATAKUVAUKSET-ULLANLINNA-1536x1536.jpg 1536w, https:\/\/jukola.street-o.fi\/wp-content\/uploads\/2021\/05\/RATAKUVAUKSET-ULLANLINNA-1568x1568.jpg 1568w, https:\/\/jukola.street-o.fi\/wp-content\/uploads\/2021\/05\/RATAKUVAUKSET-ULLANLINNA.jpg 1920w\" sizes=\"(max-width: 1024px) 100vw, 1024px\" \/><\/figure>\n\n\n\n<p>Ullanlinna-Kruununhaka. Viestin kuningasosuus. Kartan suuruus saattaa pelottaa, mutta taitavalla suunnistuksella ja nopealla jalalla kerke\u00e4\u00e4 melkein kaikki rastit hakemaan. Ihaile Suomenlinnaa Kaivopuiston huipulta ja pingo aina Sibelius-lukiolle asti. Suoritusaikaa 1 tunti 30 minuuttia.<\/p>\n\n\n\n<hr class=\"wp-block-separator is-style-default\"\/>\n\n\n\n<div class=\"wp-container-12 wp-block-columns\">\n<div class=\"wp-container-10 wp-block-column is-vertically-aligned-center\" style=\"flex-basis:80%\">\n<p class=\"has-extra-large-font-size\">Rata 4<\/p>\n<\/div>\n\n\n\n<div class=\"wp-container-11 wp-block-column is-vertically-aligned-center\"><\/div>\n<\/div>\n\n\n\n<figure class=\"wp-block-image size-large\"><img loading=\"lazy\" width=\"1024\" height=\"1024\" src=\"https:\/\/jukola.street-o.fi\/wp-content\/uploads\/2021\/06\/RATAKUVAUKSET-TOOLO-1024x1024.jpg\" alt=\"\" class=\"wp-image-117\" srcset=\"https:\/\/jukola.street-o.fi\/wp-content\/uploads\/2021\/06\/RATAKUVAUKSET-TOOLO-1024x1024.jpg 1024w, https:\/\/jukola.street-o.fi\/wp-content\/uploads\/2021\/06\/RATAKUVAUKSET-TOOLO-300x300.jpg 300w, https:\/\/jukola.street-o.fi\/wp-content\/uploads\/2021\/06\/RATAKUVAUKSET-TOOLO-150x150.jpg 150w, https:\/\/jukola.street-o.fi\/wp-content\/uploads\/2021\/06\/RATAKUVAUKSET-TOOLO-768x768.jpg 768w, https:\/\/jukola.street-o.fi\/wp-content\/uploads\/2021\/06\/RATAKUVAUKSET-TOOLO-1536x1536.jpg 1536w, https:\/\/jukola.street-o.fi\/wp-content\/uploads\/2021\/06\/RATAKUVAUKSET-TOOLO-1568x1568.jpg 1568w, https:\/\/jukola.street-o.fi\/wp-content\/uploads\/2021\/06\/RATAKUVAUKSET-TOOLO.jpg 1920w\" sizes=\"(max-width: 1024px) 100vw, 1024px\" \/><\/figure>\n\n\n\n<p>Etu-T\u00f6\u00f6l\u00f6-Kamppi. T\u00e4m\u00e4 osuus vaatii nopeaa jalkaa ja tarkkaa suunnistusp\u00e4\u00e4t\u00e4. Kartta on pieni, mutta rasteja sille mahtuu sit\u00e4kin enemm\u00e4n. K\u00e4y l\u00e4pi Kampin sokkeloiset kadut, k\u00e4y kiipe\u00e4m\u00e4ss\u00e4 Temppeliaukion kirkolle ja nauti hetki P\u00e4\u00e4rautatieaseman vilskeest\u00e4. Suoritusaikaa 45 minuuttia.<\/p>\n\n\n\n<hr class=\"wp-block-separator is-style-default\"\/>\n\n\n\n<div class=\"wp-container-14 wp-block-columns\">\n<div class=\"wp-container-13 wp-block-column is-vertically-aligned-center\" style=\"flex-basis:80%\">\n<p class=\"has-extra-large-font-size\">Rata 5<\/p>\n<\/div>\n<\/div>\n\n\n\n<figure class=\"wp-block-image size-large\"><img loading=\"lazy\" width=\"1024\" height=\"1024\" src=\"https:\/\/jukola.street-o.fi\/wp-content\/uploads\/2021\/06\/RATAKUVAUKSET-ESPLANADI-1024x1024.jpg\" alt=\"\" class=\"wp-image-119\" srcset=\"https:\/\/jukola.street-o.fi\/wp-content\/uploads\/2021\/06\/RATAKUVAUKSET-ESPLANADI-1024x1024.jpg 1024w, https:\/\/jukola.street-o.fi\/wp-content\/uploads\/2021\/06\/RATAKUVAUKSET-ESPLANADI-300x300.jpg 300w, https:\/\/jukola.street-o.fi\/wp-content\/uploads\/2021\/06\/RATAKUVAUKSET-ESPLANADI-150x150.jpg 150w, https:\/\/jukola.street-o.fi\/wp-content\/uploads\/2021\/06\/RATAKUVAUKSET-ESPLANADI-768x768.jpg 768w, https:\/\/jukola.street-o.fi\/wp-content\/uploads\/2021\/06\/RATAKUVAUKSET-ESPLANADI-1536x1536.jpg 1536w, https:\/\/jukola.street-o.fi\/wp-content\/uploads\/2021\/06\/RATAKUVAUKSET-ESPLANADI-1568x1568.jpg 1568w, https:\/\/jukola.street-o.fi\/wp-content\/uploads\/2021\/06\/RATAKUVAUKSET-ESPLANADI.jpg 1920w\" sizes=\"(max-width: 1024px) 100vw, 1024px\" \/><\/figure>\n\n\n\n<p>Kamppi-Kaartinkaupunki. Toinen viestin lyhyimmist\u00e4 osuuksista. Seikkaile Esplanadin ymp\u00e4ri, puikahda Johanneksenkirkon portaita yl\u00f6s ja lopuksi hae Kampin sokkeloista loput rastit. Suoritusaikaa 45 minuuttia.<\/p>\n\n\n\n<hr class=\"wp-block-separator is-style-default\"\/>\n\n\n\n<div class=\"wp-container-17 wp-block-columns\">\n<div class=\"wp-container-15 wp-block-column is-vertically-aligned-center\" style=\"flex-basis:80%\">\n<p class=\"has-extra-large-font-size\">Rata 6<\/p>\n<\/div>\n\n\n\n<div class=\"wp-container-16 wp-block-column is-vertically-aligned-center\"><\/div>\n<\/div>\n\n\n\n<figure class=\"wp-block-image\"><img alt=\"\"\/><\/figure>\n\n\n\n<p>Katajanokka. Toiseksi viimeinen osuus testaa reitinsuunnittelua. Juoksetko Katajanokan it\u00e4p\u00e4\u00e4h\u00e4n hakemaan arvokkaimmat rastit, vai tyydytk\u00f6 seikkailuun Senaatintorin ymp\u00e4rill\u00e4? Muista kuitenkin j\u00e4\u00e4d\u00e4 ainakin hetkeksi nauttimaan Kauppatorin kojuista ja hienoista merimaisemista. Suoritusaikaa 1 tunti.<\/p>\n\n\n\n<div class=\"wp-container-20 wp-block-columns\">\n<div class=\"wp-container-18 wp-block-column is-vertically-aligned-center\" style=\"flex-basis:80%\">\n<p class=\"has-extra-large-font-size\">Rata 7<\/p>\n<\/div>\n\n\n\n<div class=\"wp-container-19 wp-block-column is-vertically-aligned-center\"><\/div>\n<\/div>\n\n\n\n<figure class=\"wp-block-image size-large\"><img loading=\"lazy\" width=\"1024\" height=\"1024\" src=\"https:\/\/jukola.street-o.fi\/wp-content\/uploads\/2021\/05\/RATAKUVAUKSET-KAUPPATORI-1024x1024.jpg\" alt=\"\" class=\"wp-image-82\" srcset=\"https:\/\/jukola.street-o.fi\/wp-content\/uploads\/2021\/05\/RATAKUVAUKSET-KAUPPATORI-1024x1024.jpg 1024w, https:\/\/jukola.street-o.fi\/wp-content\/uploads\/2021\/05\/RATAKUVAUKSET-KAUPPATORI-300x300.jpg 300w, https:\/\/jukola.street-o.fi\/wp-content\/uploads\/2021\/05\/RATAKUVAUKSET-KAUPPATORI-150x150.jpg 150w, https:\/\/jukola.street-o.fi\/wp-content\/uploads\/2021\/05\/RATAKUVAUKSET-KAUPPATORI-768x768.jpg 768w, https:\/\/jukola.street-o.fi\/wp-content\/uploads\/2021\/05\/RATAKUVAUKSET-KAUPPATORI-1536x1536.jpg 1536w, https:\/\/jukola.street-o.fi\/wp-content\/uploads\/2021\/05\/RATAKUVAUKSET-KAUPPATORI-1568x1568.jpg 1568w, https:\/\/jukola.street-o.fi\/wp-content\/uploads\/2021\/05\/RATAKUVAUKSET-KAUPPATORI.jpg 1920w\" sizes=\"(max-width: 1024px) 100vw, 1024px\" \/><\/figure>\n\n\n\n<p>Kauppatori. Ankkuriosuuden kartan keskipiste l\u00f6ytyy Kauppatorilta, mutta mihin juokset seuraavaksi? Vaihtoehtoina ovat Katajanokan huippuravintolat, T\u00e4htitorninvuoren m\u00e4et sek\u00e4 Kluuvin vilin\u00e4 ja vilske. Hyv\u00e4 suunnittelu ja nopea jalka takaavat onnistuneen viimeisen osuuden. Suoritusaikaa 1 tunti 15 minuuttia.<\/p>\n\n\n\n<p><\/p>\n","protected":false},"excerpt":{"rendered":"<p>Rata 1 Keskusta. T\u00e4lt\u00e4 osaksi t\u00e4ysin uudelta alueelta l\u00f6ytyy v\u00e4h\u00e4n kaikkea; p\u00e4\u00e4set seikkailemaan T\u00e4htitorninvuorelle, hakemaan rasteja Vanhalta kirkolta sek\u00e4 tutkimaan Senaatintoria. Rata k\u00e4y monessa erityyppisess\u00e4 maastossa, ja pisteiden maksimointi vaatii taitavaa suunnittelua. Suoritusaikaa perinteinen 1 tunti. Rata 2 Eira-Punavuori. Toisella osuudella seikkailu jatkuu hulppeiden huviloiden sek\u00e4 kauniiden merenrantamaisemien lomassa. Tunnistatko suurl\u00e4hetyst\u00f6jen liput toisistaan? Luonnistuuko m\u00e4kijuoksu?&hellip; <a class=\"more-link\" href=\"https:\/\/jukola.street-o.fi\/?page_id=37\">Jatka lukemista <span class=\"screen-reader-text\">Radat, Helsinki<\/span><\/a><\/p>\n","protected":false},"author":1,"featured_media":0,"parent":2,"menu_order":2,"comment_status":"closed","ping_status":"closed","template":"","meta":[],"_links":{"self":[{"href":"https:\/\/jukola.street-o.fi\/index.php?rest_route=\/wp\/v2\/pages\/37"}],"collection":[{"href":"https:\/\/jukola.street-o.fi\/index.php?rest_route=\/wp\/v2\/pages"}],"about":[{"href":"https:\/\/jukola.street-o.fi\/index.php?rest_route=\/wp\/v2\/types\/page"}],"author":[{"embeddable":true,"href":"https:\/\/jukola.street-o.fi\/index.php?rest_route=\/wp\/v2\/users\/1"}],"replies":[{"embeddable":true,"href":"https:\/\/jukola.street-o.fi\/index.php?rest_route=%2Fwp%2Fv2%2Fcomments&post=37"}],"version-history":[{"count":9,"href":"https:\/\/jukola.street-o.fi\/index.php?rest_route=\/wp\/v2\/pages\/37\/revisions"}],"predecessor-version":[{"id":122,"href":"https:\/\/jukola.street-o.fi\/index.php?rest_route=\/wp\/v2\/pages\/37\/revisions\/122"}],"up":[{"embeddable":true,"href":"https:\/\/jukola.street-o.fi\/index.php?rest_route=\/wp\/v2\/pages\/2"}],"wp:attachment":[{"href":"https:\/\/jukola.street-o.fi\/index.php?rest_route=%2Fwp%2Fv2%2Fmedia&parent=37"}],"curies":[{"name":"wp","href":"https:\/\/api.w.org\/{rel}","templated":true}]}}