{"id":88,"date":"2021-05-31T12:45:21","date_gmt":"2021-05-31T12:45:21","guid":{"rendered":"https:\/\/jukola.street-o.fi\/?page_id=88"},"modified":"2021-06-16T05:04:23","modified_gmt":"2021-06-16T05:04:23","slug":"ohjeet-helsinki","status":"publish","type":"page","link":"https:\/\/jukola.street-o.fi\/?page_id=88","title":{"rendered":"Ohjeet, Helsinki"},"content":{"rendered":"\n<p><strong>Yleisohjeet<\/strong><\/p>\n\n\n\n<p>Tapahtuma-aika: 19.6.2021 klo 12-18<\/p>\n\n\n\n<p>Tapahtumakeskus: Kauppatori, Havis Amandan patsaan kupeessa<\/p>\n\n\n\n<p>Jukola Street-O on pistesuunnistus, jossa tarkoituksena on ker\u00e4t\u00e4 tavoiteajan puitteissa mahdollisimman paljon pisteit\u00e4. Leimaus tapahtuu vastaamalla kartan takana olevaan kysymykseen, joka liittyy rastipisteen yksityiskohtaan, esim. \u201dPorrask\u00e4yt\u00e4v\u00e4n numero?\u201d. Rastipisteell\u00e4 ei ole rastilippua, ellei kysymyksess\u00e4 ole sit\u00e4 erikseen mainittu.<\/p>\n\n\n\n<figure class=\"wp-block-image size-large\"><img loading=\"lazy\" width=\"849\" height=\"1024\" src=\"https:\/\/jukola.street-o.fi\/wp-content\/uploads\/2021\/05\/j1_2-849x1024.jpg\" alt=\"\" class=\"wp-image-89\" srcset=\"https:\/\/jukola.street-o.fi\/wp-content\/uploads\/2021\/05\/j1_2-849x1024.jpg 849w, https:\/\/jukola.street-o.fi\/wp-content\/uploads\/2021\/05\/j1_2-249x300.jpg 249w, https:\/\/jukola.street-o.fi\/wp-content\/uploads\/2021\/05\/j1_2-768x926.jpg 768w, https:\/\/jukola.street-o.fi\/wp-content\/uploads\/2021\/05\/j1_2-1274x1536.jpg 1274w, https:\/\/jukola.street-o.fi\/wp-content\/uploads\/2021\/05\/j1_2-1698x2048.jpg 1698w, https:\/\/jukola.street-o.fi\/wp-content\/uploads\/2021\/05\/j1_2-1568x1891.jpg 1568w\" sizes=\"(max-width: 849px) 100vw, 849px\" \/><figcaption>Street-O:ssa pisteit\u00e4 ker\u00e4t\u00e4\u00e4n vastaamalla rasteihin liittyviin kysymyksiin.<\/figcaption><\/figure>\n\n\n\n<p><strong>Rastit, pisteet ja tulospalvelu<\/strong><\/p>\n\n\n\n<p>Karttaan on merkitty 30 rastia ja ne kerrytt\u00e4v\u00e4t pisteit\u00e4&nbsp;<strong>rastinumeron mukaisesti<\/strong>, esim. koodi 15 = 15 pistett\u00e4 tai koodi 43 = 43 pistett\u00e4. Suoritusajan ylityksest\u00e4 kertyy sakkoa 20 pistett\u00e4 \/ alkava minuutti. Toimitsija merkkaa l\u00e4ht\u00f6- ja maaliintuloajan karttaan. Suorituksen j\u00e4lkeen osallistuja sy\u00f6tt\u00e4\u00e4 vastauksensa nettilomakkeeseen mobiililaitteella tai tietokoneella tapahtumap\u00e4iv\u00e4n iltana klo 22 menness\u00e4.&nbsp;<strong>Tietoja&nbsp;<\/strong>(linkit nettilomakkeeseen ja online-tulospalveluun)<strong>&nbsp;tarkennetaan my\u00f6hemmin.<\/strong><\/p>\n\n\n\n<p><strong>Ratavaihtoehdot<\/strong><\/p>\n\n\n\n<p>Jukola Street-O sis\u00e4lt\u00e4\u00e4 seitsem\u00e4n eri ratavaihtoehtoa, joiden suoritusaika vaihtelee ratakohtaisesti 45 minuutin ja 90 minuutin v\u00e4lill\u00e4. Radat kulkevat p\u00e4\u00e4osin eri alueilla. Ratakuvaukset ja niiden suoritusajat l\u00f6ytyv\u00e4t osoitteesta&nbsp;<a href=\"https:\/\/jukola.street-o.fi\/?page_id=37\">https:\/\/jukola.street-o.fi\/?page_id=37<\/a>. Ratavaihtoehdosta riippumatta maksimipisteet ovat kullakin radalla samat.<\/p>\n\n\n\n<p>Mik\u00e4li tulet yksin, voit valita mink\u00e4 tahansa radan ja l\u00e4hte\u00e4 suunnistamaan. Nelj\u00e4n hengen joukkuesuoritukseen kuuluu yksi 75 minuutin ratavaihtoehto, kaksi 1 tunnin rataa ja yksi 45 minuutin rata. Seitsem\u00e4n hengen joukkueessa jokainen joukkueen j\u00e4sen juoksee yhden radan, jolloin kaikki ratavaihtoehdot tulevat k\u00e4ytt\u00f6\u00f6n. Kartat saa tapahtumakeskuksesta n\u00e4ytt\u00e4m\u00e4ll\u00e4 tositetta ilmoittautumismaksusta.<\/p>\n\n\n\n<p>Mik\u00e4li sinulla ei ole viel\u00e4 joukkuetta, voit laittaa s\u00e4hk\u00f6postia osoitteeseen helsinki@street-o.fi, ja kerro, mihin tapahtumaan osallistut (nelj\u00e4n vai seitsem\u00e4n hengen) ja kuinka monta tarvitset viel\u00e4 porukkaasi mukaan. Pyrimme parhaamme mukaan yhdist\u00e4m\u00e4\u00e4n joukkueita ja yksil\u00f6it\u00e4 siten, ett\u00e4 kaikki haluavat p\u00e4\u00e4sev\u00e4t joukkueen kanssa seikkailemaan.<\/p>\n\n\n\n<p>Toisaalta voit l\u00e4hte\u00e4 seikkailuun my\u00f6s yksin; nyt jopa seitsem\u00e4n eri ratavaihtoehtoa, josta valita!<\/p>\n\n\n\n<figure class=\"wp-block-image size-large\"><img loading=\"lazy\" width=\"1024\" height=\"1024\" src=\"https:\/\/jukola.street-o.fi\/wp-content\/uploads\/2021\/06\/OHJEET-PUISTO-1-1024x1024.jpg\" alt=\"\" class=\"wp-image-141\" srcset=\"https:\/\/jukola.street-o.fi\/wp-content\/uploads\/2021\/06\/OHJEET-PUISTO-1-1024x1024.jpg 1024w, https:\/\/jukola.street-o.fi\/wp-content\/uploads\/2021\/06\/OHJEET-PUISTO-1-300x300.jpg 300w, https:\/\/jukola.street-o.fi\/wp-content\/uploads\/2021\/06\/OHJEET-PUISTO-1-150x150.jpg 150w, https:\/\/jukola.street-o.fi\/wp-content\/uploads\/2021\/06\/OHJEET-PUISTO-1-768x768.jpg 768w, https:\/\/jukola.street-o.fi\/wp-content\/uploads\/2021\/06\/OHJEET-PUISTO-1-1536x1536.jpg 1536w, https:\/\/jukola.street-o.fi\/wp-content\/uploads\/2021\/06\/OHJEET-PUISTO-1-1568x1568.jpg 1568w, https:\/\/jukola.street-o.fi\/wp-content\/uploads\/2021\/06\/OHJEET-PUISTO-1.jpg 1920w\" sizes=\"(max-width: 1024px) 100vw, 1024px\" \/><figcaption>Street-O:n reitit suunnitellaan itse ja rasteja kierret\u00e4\u00e4n vapaassa j\u00e4rjestyksess\u00e4.<\/figcaption><\/figure>\n\n\n\n<p><strong>Ilmoittautuminen ja ilmoittautumismaksut<\/strong><\/p>\n\n\n\n<p>Tapahtumaan ilmoittaudutaan ennakkoon: <\/p>\n\n\n\n<p>1) ostamalla lippu osoitteesta <br><a href=\"https:\/\/payhip.com\/StreetO\/collection\/helsinki-jukola\">https:\/\/payhip.com\/StreetO\/collection\/helsinki-jukola<\/a><\/p>\n\n\n\n<p>2) maksamalla maksu tilisiirtona:<\/p>\n\n\n\n<p>Saaja: Oy Street-O Ab<\/p>\n\n\n\n<p>Tilinumero: FI05 1691 3000 0192 95<\/p>\n\n\n\n<p>Lis\u00e4tiedot\/viesti kohtaan: Jukola Street-O Helsinki<\/p>\n\n\n\n<p>3) muilla k\u00e4yt\u00f6ss\u00e4 olevilla maksuvaihtoehdoilla (e-Passi-mobiili, Virike-mobiili, EazyBreak ja SmartumPay)<\/p>\n\n\n\n<p>Saaja: Oy Street-O Ab \/ Street-O Helsinki<\/p>\n\n\n\n<p><strong>Tapahtumamaksun voi maksaa my\u00f6s paikan p\u00e4\u00e4ll\u00e4 tutuilla tavoilla: pankki\/luottokortti, MobilePay sek\u00e4 k\u00e4teinen.<\/strong><\/p>\n\n\n\n<p>Maksut:<\/p>\n\n\n\n<p>1 hl\u00f6 = 8\u20ac<\/p>\n\n\n\n<p>4 hl\u00f6 joukkue = 28\u20ac<\/p>\n\n\n\n<p>7 hl\u00f6 joukkue = 42\u20ac<\/p>\n\n\n\n<p>T\u00e4m\u00e4nhetkisten koronarajoitusten mukaan saamme j\u00e4rjest\u00e4\u00e4 tapahtuman normaalisti. Noudatetaan kuitenkin turvav\u00e4lisuosituksia, sek\u00e4 hyv\u00e4\u00e4 k\u00e4sihygieniaa. Flunssaisena ei saa tulla tapahtumaan.<\/p>\n\n\n\n<p><strong>Ehdottomia s\u00e4\u00e4nt\u00f6j\u00e4:<\/strong><\/p>\n\n\n\n<ul><li>Jokainen osallistuu omalla vastuullaan.<\/li><li>Liikennes\u00e4\u00e4nt\u00f6j\u00e4 on noudatettava!<\/li><li>Huomioi karttaan merkityt kielletyt alueet (violetti vinorasteri).<\/li><li>Kiellettyjen teiden ylitykset vain merkityist\u00e4 kohdista.<\/li><li>Tonttimaille (oliivinvihre\u00e4) meno on ehdottomasti kielletty. Vaikka rastin osoittava piste olisi tonttimaan sis\u00e4ll\u00e4, n\u00e4kee vastauksen kadulta.<\/li><li>Kerros- ja rivitalojen nurmikoilla kulkeminen kielletty, vaikka niit\u00e4 ei olisi erikseen merkitty kielletyksi karttaan.<\/li><li>Huomioi muut kulkijat ja toiset osallistujat, t\u00f6rm\u00e4ysvaara, katse yl\u00f6s kartasta!<\/li><li>Muistathan, ettet voi osallistua, mik\u00e4li sinulla on flunssaoireita, olet karanteenissa tai koronavilkku on reagoinut.<\/li><\/ul>\n","protected":false},"excerpt":{"rendered":"<p>Yleisohjeet Tapahtuma-aika: 19.6.2021 klo 12-18 Tapahtumakeskus: Kauppatori, Havis Amandan patsaan kupeessa Jukola Street-O on pistesuunnistus, jossa tarkoituksena on ker\u00e4t\u00e4 tavoiteajan puitteissa mahdollisimman paljon pisteit\u00e4. Leimaus tapahtuu vastaamalla kartan takana olevaan kysymykseen, joka liittyy rastipisteen yksityiskohtaan, esim. \u201dPorrask\u00e4yt\u00e4v\u00e4n numero?\u201d. Rastipisteell\u00e4 ei ole rastilippua, ellei kysymyksess\u00e4 ole sit\u00e4 erikseen mainittu. Rastit, pisteet ja tulospalvelu Karttaan on merkitty&hellip; <a class=\"more-link\" href=\"https:\/\/jukola.street-o.fi\/?page_id=88\">Jatka lukemista <span class=\"screen-reader-text\">Ohjeet, Helsinki<\/span><\/a><\/p>\n","protected":false},"author":1,"featured_media":0,"parent":2,"menu_order":3,"comment_status":"closed","ping_status":"closed","template":"","meta":[],"_links":{"self":[{"href":"https:\/\/jukola.street-o.fi\/index.php?rest_route=\/wp\/v2\/pages\/88"}],"collection":[{"href":"https:\/\/jukola.street-o.fi\/index.php?rest_route=\/wp\/v2\/pages"}],"about":[{"href":"https:\/\/jukola.street-o.fi\/index.php?rest_route=\/wp\/v2\/types\/page"}],"author":[{"embeddable":true,"href":"https:\/\/jukola.street-o.fi\/index.php?rest_route=\/wp\/v2\/users\/1"}],"replies":[{"embeddable":true,"href":"https:\/\/jukola.street-o.fi\/index.php?rest_route=%2Fwp%2Fv2%2Fcomments&post=88"}],"version-history":[{"count":12,"href":"https:\/\/jukola.street-o.fi\/index.php?rest_route=\/wp\/v2\/pages\/88\/revisions"}],"predecessor-version":[{"id":196,"href":"https:\/\/jukola.street-o.fi\/index.php?rest_route=\/wp\/v2\/pages\/88\/revisions\/196"}],"up":[{"embeddable":true,"href":"https:\/\/jukola.street-o.fi\/index.php?rest_route=\/wp\/v2\/pages\/2"}],"wp:attachment":[{"href":"https:\/\/jukola.street-o.fi\/index.php?rest_route=%2Fwp%2Fv2%2Fmedia&parent=88"}],"curies":[{"name":"wp","href":"https:\/\/api.w.org\/{rel}","templated":true}]}}